{"id":487,"date":"2019-05-16T22:00:30","date_gmt":"2019-05-16T20:00:30","guid":{"rendered":"https:\/\/democontent.codex-themes.com\/sites-elementor\/startup\/?page_id=487"},"modified":"2023-06-16T11:53:59","modified_gmt":"2023-06-16T09:53:59","slug":"a-propos","status":"publish","type":"page","link":"https:\/\/orbis.lu\/nl\/a-propos\/","title":{"rendered":"Over"},"content":{"rendered":"<div data-elementor-type=\"wp-page\" data-elementor-id=\"487\" class=\"elementor elementor-487\">\n\t\t\t\t\t\t<section class=\"elementor-section elementor-top-section elementor-element elementor-element-b3bbacb elementor-section-full_width elementor-reverse-tablet elementor-reverse-mobile elementor-section-height-default elementor-section-height-default\" data-id=\"b3bbacb\" data-element_type=\"section\" data-settings=\"{&quot;thegem_custom_css&quot;:&quot;@media(max-width:1400px){\\n.bg-people{\\n    top:10%!important;}\\n}\\n@media(max-width:1290px){\\n.bg-people{\\n    top:15%!important;}\\n}&quot;}\">\r\n\t\t\t\t\t\t<div class=\"elementor-container elementor-column-gap-no\"><div class=\"elementor-row\">\r\n\t\t\t\t\t<div class=\"elementor-column elementor-col-50 elementor-top-column elementor-element elementor-element-aecfd59\" data-id=\"aecfd59\" data-element_type=\"column\">\n\t\t\t<div class=\"elementor-widget-wrap elementor-element-populated\">\n\t\t\t\t\t\t<div class=\"elementor-element elementor-element-f61619d elementor-widget__width-initial elementor-widget-tablet__width-inherit flex-horizontal-align-default flex-horizontal-align-tablet-default flex-horizontal-align-mobile-default flex-vertical-align-default flex-vertical-align-tablet-default flex-vertical-align-mobile-default elementor-widget elementor-widget-heading\" data-id=\"f61619d\" data-element_type=\"widget\" data-widget_type=\"heading.default\">\n\t\t\t\t<div class=\"elementor-widget-container\">\n\t\t\t\t\t<div class=\"title-h6 elementor-heading-title elementor-size-default\">Het Orbis-team kwalificeerde<\/div>\t\t\t\t<\/div>\n\t\t\t\t<\/div>\n\t\t\t\t<div class=\"elementor-element elementor-element-7921028 elementor-widget__width-initial elementor-widget-tablet__width-inherit flex-horizontal-align-default flex-horizontal-align-tablet-default flex-horizontal-align-mobile-default flex-vertical-align-default flex-vertical-align-tablet-default flex-vertical-align-mobile-default elementor-widget elementor-widget-heading\" data-id=\"7921028\" data-element_type=\"widget\" data-widget_type=\"heading.default\">\n\t\t\t\t<div class=\"elementor-widget-container\">\n\t\t\t\t\t<div class=\"title-h2 elementor-heading-title elementor-size-default\">Waardevolle ervaring<\/div>\t\t\t\t<\/div>\n\t\t\t\t<\/div>\n\t\t\t\t<div class=\"elementor-element elementor-element-4a8e2ff elementor-widget__width-initial elementor-widget-tablet__width-inherit flex-horizontal-align-default flex-horizontal-align-tablet-default flex-horizontal-align-mobile-default flex-vertical-align-default flex-vertical-align-tablet-default flex-vertical-align-mobile-default elementor-widget elementor-widget-text-editor\" data-id=\"4a8e2ff\" data-element_type=\"widget\" data-widget_type=\"text-editor.default\">\n\t\t\t\t<div class=\"elementor-widget-container\">\n\t\t\t\t\t\t\t\t\t\t\t\t<div class=\"elementor-text-editor elementor-clearfix\">\r\n\t\t\t\t\t\t<p class=\"styled-subtitle\">Orbis Logistique begon met het opdoen van gedegen ervaring in specifieke ontwikkelingen met betrekking tot standaard boekhoudsoftware. Vervolgens, dankzij de samenwerking tussen een registeraccountant en ons team, werd Orbis Finance geboren en ontwikkelde zich dankzij andere partners.<\/p><p class=\"styled-subtitle\">Zijn onschatbare vaardigheden op het gebied van boekhouding en logistiek zijn aangescherpt in het veld, waar hij heeft gewerkt met bedrijven van alle groottes en van alle horizonten.<\/p>\t\t\t\t\t\t\t<\/div>\r\n\t\t\t\t\t\t\t\t\t\t<\/div>\n\t\t\t\t<\/div>\n\t\t\t\t\t<\/div>\n\t\t<\/div>\n\t\t\t\t<div class=\"elementor-column elementor-col-50 elementor-top-column elementor-element elementor-element-b632e35\" data-id=\"b632e35\" data-element_type=\"column\">\n\t\t\t<div class=\"elementor-widget-wrap elementor-element-populated\">\n\t\t\t\t\t\t<div data-thegem-interactions=\"{&quot;mousemove&quot;:&quot;yes&quot;,&quot;mouse_direction&quot;:1,&quot;mouse_speed&quot;:0.3,&quot;devices&quot;:[&quot;desktop&quot;]}\" class=\"elementor-element elementor-element-dd0dafd bg-people elementor-absolute elementor-hidden-tablet elementor-hidden-phone flex-horizontal-align-default flex-horizontal-align-tablet-default flex-horizontal-align-mobile-default flex-vertical-align-default flex-vertical-align-tablet-default flex-vertical-align-mobile-default elementor-widget elementor-widget-image\" data-id=\"dd0dafd\" data-element_type=\"widget\" data-settings=\"{&quot;_position&quot;:&quot;absolute&quot;,&quot;thegem_interaction_mouse&quot;:&quot;yes&quot;,&quot;thegem_interaction_mouse_direction&quot;:&quot;negative&quot;,&quot;thegem_interaction_mouse_speed&quot;:{&quot;unit&quot;:&quot;px&quot;,&quot;size&quot;:0.3,&quot;sizes&quot;:[]},&quot;thegem_interaction_devices&quot;:[&quot;desktop&quot;]}\" data-widget_type=\"image.default\">\n\t\t\t\t<div class=\"elementor-widget-container\">\n\t\t\t\t\t\t\t\t\t\t\t\t\t\t\t<img width=\"677\" height=\"437\" src=\"https:\/\/orbis.lu\/wp-content\/uploads\/2021\/03\/8-2.png\" class=\"attachment-full size-full wp-image-1807\" alt=\"\" srcset=\"https:\/\/orbis.lu\/wp-content\/uploads\/2021\/03\/8-2.png 677w, https:\/\/orbis.lu\/wp-content\/uploads\/2021\/03\/8-2-300x194.png 300w\" sizes=\"(max-width: 677px) 100vw, 677px\" \/>\t\t\t\t\t\t\t\t\t\t\t\t\t\t\t<\/div>\n\t\t\t\t<\/div>\n\t\t\t\t<div data-thegem-interactions=\"{&quot;horizontal_scroll&quot;:&quot;yes&quot;,&quot;horizontal_scroll_direction&quot;:-1,&quot;horizontal_scroll_speed&quot;:1,&quot;horizontal_viewport_bottom&quot;:0,&quot;horizontal_viewport_top&quot;:100,&quot;devices&quot;:[&quot;desktop&quot;],&quot;mousemove&quot;:&quot;yes&quot;,&quot;mouse_direction&quot;:-1,&quot;mouse_speed&quot;:0.4}\" class=\"elementor-element elementor-element-da90cc0 elementor-absolute elementor-hidden-tablet elementor-hidden-phone flex-horizontal-align-default flex-horizontal-align-tablet-default flex-horizontal-align-mobile-default flex-vertical-align-default flex-vertical-align-tablet-default flex-vertical-align-mobile-default elementor-widget elementor-widget-image\" data-id=\"da90cc0\" data-element_type=\"widget\" data-settings=\"{&quot;_position&quot;:&quot;absolute&quot;,&quot;thegem_interaction_horizontal_scroll&quot;:&quot;yes&quot;,&quot;thegem_interaction_horizontal_scroll_direction&quot;:&quot;negative&quot;,&quot;thegem_interaction_horizontal_scroll_speed&quot;:{&quot;unit&quot;:&quot;px&quot;,&quot;size&quot;:1,&quot;sizes&quot;:[]},&quot;thegem_interaction_mouse&quot;:&quot;yes&quot;,&quot;thegem_interaction_mouse_speed&quot;:{&quot;unit&quot;:&quot;px&quot;,&quot;size&quot;:0.4,&quot;sizes&quot;:[]},&quot;thegem_interaction_devices&quot;:[&quot;desktop&quot;],&quot;thegem_interaction_horizontal_scroll_range&quot;:{&quot;unit&quot;:&quot;%&quot;,&quot;size&quot;:&quot;&quot;,&quot;sizes&quot;:{&quot;start&quot;:0,&quot;end&quot;:100}}}\" data-widget_type=\"image.default\">\n\t\t\t\t<div class=\"elementor-widget-container\">\n\t\t\t\t\t\t\t\t\t\t\t\t\t\t\t<img width=\"1000\" height=\"618\" src=\"https:\/\/orbis.lu\/wp-content\/uploads\/2023\/04\/Equipe.png\" class=\"attachment-full size-full wp-image-1913\" alt=\"\" srcset=\"https:\/\/orbis.lu\/wp-content\/uploads\/2023\/04\/Equipe.png 1000w, https:\/\/orbis.lu\/wp-content\/uploads\/2023\/04\/Equipe-300x185.png 300w, https:\/\/orbis.lu\/wp-content\/uploads\/2023\/04\/Equipe-768x475.png 768w\" sizes=\"(max-width: 1000px) 100vw, 1000px\" \/>\t\t\t\t\t\t\t\t\t\t\t\t\t\t\t<\/div>\n\t\t\t\t<\/div>\n\t\t\t\t<div data-thegem-interactions=\"{&quot;mousemove&quot;:&quot;yes&quot;,&quot;mouse_direction&quot;:1,&quot;mouse_speed&quot;:0.7,&quot;devices&quot;:[&quot;desktop&quot;]}\" class=\"elementor-element elementor-element-d716fe4 elementor-absolute elementor-hidden-tablet elementor-hidden-phone flex-horizontal-align-default flex-horizontal-align-tablet-default flex-horizontal-align-mobile-default flex-vertical-align-default flex-vertical-align-tablet-default flex-vertical-align-mobile-default elementor-widget elementor-widget-image\" data-id=\"d716fe4\" data-element_type=\"widget\" data-settings=\"{&quot;_position&quot;:&quot;absolute&quot;,&quot;thegem_interaction_mouse&quot;:&quot;yes&quot;,&quot;thegem_interaction_mouse_direction&quot;:&quot;negative&quot;,&quot;thegem_interaction_mouse_speed&quot;:{&quot;unit&quot;:&quot;px&quot;,&quot;size&quot;:0.7,&quot;sizes&quot;:[]},&quot;thegem_interaction_devices&quot;:[&quot;desktop&quot;]}\" data-widget_type=\"image.default\">\n\t\t\t\t<div class=\"elementor-widget-container\">\n\t\t\t\t\t\t\t\t\t\t\t\t\t\t\t<img width=\"562\" height=\"116\" src=\"https:\/\/orbis.lu\/wp-content\/uploads\/2021\/03\/9-2.png\" class=\"attachment-full size-full wp-image-1808\" alt=\"\" srcset=\"https:\/\/orbis.lu\/wp-content\/uploads\/2021\/03\/9-2.png 562w, https:\/\/orbis.lu\/wp-content\/uploads\/2021\/03\/9-2-300x62.png 300w\" sizes=\"(max-width: 562px) 100vw, 562px\" \/>\t\t\t\t\t\t\t\t\t\t\t\t\t\t\t<\/div>\n\t\t\t\t<\/div>\n\t\t\t\t\t<\/div>\n\t\t<\/div>\n\t\t\t\t\t<\/div><\/div>\r\n\t\t<\/section>\r\n\t\t\t\t<section class=\"elementor-section elementor-top-section elementor-element elementor-element-95a3a01 elementor-section-boxed elementor-section-height-default elementor-section-height-default\" data-id=\"95a3a01\" data-element_type=\"section\" data-settings=\"{&quot;background_background&quot;:&quot;classic&quot;}\">\r\n\t\t\t\t\t\t<div class=\"elementor-container elementor-column-gap-thegem\"><div class=\"elementor-row\">\r\n\t\t\t\t\t<div class=\"elementor-column elementor-col-100 elementor-top-column elementor-element elementor-element-2ebca32\" data-id=\"2ebca32\" data-element_type=\"column\">\n\t\t\t<div class=\"elementor-widget-wrap elementor-element-populated\">\n\t\t\t\t\t\t<div class=\"elementor-element elementor-element-e55f20b flex-horizontal-align-default flex-horizontal-align-tablet-default flex-horizontal-align-mobile-default flex-vertical-align-default flex-vertical-align-tablet-default flex-vertical-align-mobile-default elementor-widget elementor-widget-spacer\" data-id=\"e55f20b\" data-element_type=\"widget\" data-widget_type=\"spacer.default\">\n\t\t\t\t<div class=\"elementor-widget-container\">\n\t\t\t\t\t\t\t<div class=\"elementor-spacer\">\n\t\t\t<div class=\"elementor-spacer-inner\"><\/div>\n\t\t<\/div>\n\t\t\t\t\t\t<\/div>\n\t\t\t\t<\/div>\n\t\t\t\t\t<\/div>\n\t\t<\/div>\n\t\t\t\t\t<\/div><\/div>\r\n\t\t<\/section>\r\n\t\t\t\t<section class=\"elementor-section elementor-top-section elementor-element elementor-element-efb4ae0 elementor-section-boxed elementor-section-height-default elementor-section-height-default\" data-id=\"efb4ae0\" data-element_type=\"section\">\r\n\t\t\t\t\t\t<div class=\"elementor-container elementor-column-gap-thegem\"><div class=\"elementor-row\">\r\n\t\t\t\t\t<div class=\"elementor-column elementor-col-100 elementor-top-column elementor-element elementor-element-44b4fc8\" data-id=\"44b4fc8\" data-element_type=\"column\">\n\t\t\t<div class=\"elementor-widget-wrap elementor-element-populated\">\n\t\t\t\t\t\t<div class=\"elementor-element elementor-element-dba261b flex-horizontal-align-default flex-horizontal-align-tablet-default flex-horizontal-align-mobile-default flex-vertical-align-default flex-vertical-align-tablet-default flex-vertical-align-mobile-default elementor-widget elementor-widget-image\" data-id=\"dba261b\" data-element_type=\"widget\" data-widget_type=\"image.default\">\n\t\t\t\t<div class=\"elementor-widget-container\">\n\t\t\t\t\t\t\t\t\t\t\t\t\t\t\t<img width=\"300\" height=\"253\" src=\"https:\/\/orbis.lu\/wp-content\/uploads\/2023\/06\/AdobeStock_556427198-300x253.jpeg\" class=\"attachment-medium size-medium wp-image-2289\" alt=\"\" srcset=\"https:\/\/orbis.lu\/wp-content\/uploads\/2023\/06\/AdobeStock_556427198-300x253.jpeg 300w, https:\/\/orbis.lu\/wp-content\/uploads\/2023\/06\/AdobeStock_556427198-1024x864.jpeg 1024w, https:\/\/orbis.lu\/wp-content\/uploads\/2023\/06\/AdobeStock_556427198-768x648.jpeg 768w, https:\/\/orbis.lu\/wp-content\/uploads\/2023\/06\/AdobeStock_556427198-1536x1296.jpeg 1536w, https:\/\/orbis.lu\/wp-content\/uploads\/2023\/06\/AdobeStock_556427198-2048x1727.jpeg 2048w, https:\/\/orbis.lu\/wp-content\/uploads\/2023\/06\/AdobeStock_556427198-14x12.jpeg 14w\" sizes=\"(max-width: 300px) 100vw, 300px\" \/>\t\t\t\t\t\t\t\t\t\t\t\t\t\t\t<\/div>\n\t\t\t\t<\/div>\n\t\t\t\t<div class=\"elementor-element elementor-element-5740efd flex-horizontal-align-default flex-horizontal-align-tablet-default flex-horizontal-align-mobile-default flex-vertical-align-default flex-vertical-align-tablet-default flex-vertical-align-mobile-default elementor-widget elementor-widget-spacer\" data-id=\"5740efd\" data-element_type=\"widget\" data-widget_type=\"spacer.default\">\n\t\t\t\t<div class=\"elementor-widget-container\">\n\t\t\t\t\t\t\t<div class=\"elementor-spacer\">\n\t\t\t<div class=\"elementor-spacer-inner\"><\/div>\n\t\t<\/div>\n\t\t\t\t\t\t<\/div>\n\t\t\t\t<\/div>\n\t\t\t\t\t<\/div>\n\t\t<\/div>\n\t\t\t\t\t<\/div><\/div>\r\n\t\t<\/section>\r\n\t\t\t\t<\/div>","protected":false},"excerpt":{"rendered":"<p>L&rsquo;\u00e9quipe qualifi\u00e9e d&rsquo;orbis Une exp\u00e9rience pr\u00e9cieuse Ayant acquis une solide exp\u00e9rience en r\u00e9alisant des d\u00e9veloppements sp\u00e9cifiques li\u00e9s \u00e0 des standards&#8230;<\/p>","protected":false},"author":1,"featured_media":0,"parent":0,"menu_order":4,"comment_status":"closed","ping_status":"closed","template":"page-fullwidth.php","meta":{"footnotes":""},"class_list":["post-487","page","type-page","status-publish"],"_links":{"self":[{"href":"https:\/\/orbis.lu\/nl\/wp-json\/wp\/v2\/pages\/487","targetHints":{"allow":["GET"]}}],"collection":[{"href":"https:\/\/orbis.lu\/nl\/wp-json\/wp\/v2\/pages"}],"about":[{"href":"https:\/\/orbis.lu\/nl\/wp-json\/wp\/v2\/types\/page"}],"author":[{"embeddable":true,"href":"https:\/\/orbis.lu\/nl\/wp-json\/wp\/v2\/users\/1"}],"replies":[{"embeddable":true,"href":"https:\/\/orbis.lu\/nl\/wp-json\/wp\/v2\/comments?post=487"}],"version-history":[{"count":67,"href":"https:\/\/orbis.lu\/nl\/wp-json\/wp\/v2\/pages\/487\/revisions"}],"predecessor-version":[{"id":2310,"href":"https:\/\/orbis.lu\/nl\/wp-json\/wp\/v2\/pages\/487\/revisions\/2310"}],"wp:attachment":[{"href":"https:\/\/orbis.lu\/nl\/wp-json\/wp\/v2\/media?parent=487"}],"curies":[{"name":"wp","href":"https:\/\/api.w.org\/{rel}","templated":true}]}}